{"id":843,"date":"2023-12-17T14:32:09","date_gmt":"2023-12-17T14:32:09","guid":{"rendered":"https:\/\/melekkagit.com\/new\/product\/kategorilenmemis\/cuddles-wet-wipes-standard-packets\/"},"modified":"2025-04-13T23:11:18","modified_gmt":"2025-04-13T23:11:18","slug":"cuddles-wet-wipes-standard-packets","status":"publish","type":"product","link":"https:\/\/melekkagit.com\/tr\/product\/cuddles-tr\/cuddles-wet-wipes-standard-packets\/","title":{"rendered":"Cuddles Islak Mendil Standart Paketler"},"content":{"rendered":"<div class=\"product-detail-content-area\">\n<div id=\"tab-products\" data-easytabs=\"true\">\n<div id=\"info\" class=\"products_tabs_contents active\">\n<p>Cuddles g\u00fcvenilir \u00fcr\u00fcnlerine bir yenisini daha ekledi. Islak mendil y\u00fcksek temizleme kapasitesi ve yeterli \u0131slakl\u0131k seviyesi ile kullan\u0131c\u0131lar\u0131na y\u00fcksek kalite \u0131slak mendil kullanma \u015fans\u0131 sunacakt\u0131r. Cuddles Islak Mendil \u00fcr\u00fcn\u00fcn\u00fc g\u00f6n\u00fcl rahatl\u0131\u011f\u0131 ile temizlik ve hijyeniniz i\u00e7in kullan\u0131n. P\u00fcr\u00fcss\u00fcz temizlik ve kolay kullan\u0131m sa\u011flayacakt\u0131r.<\/p>\n<p>Standart, Rose ve Aloe Vera \u00e7e\u015fitleri bulunmaktad\u0131r.<br \/>\nPaket i\u00e7i, 120 adetli, 100 adetli ve 72 adetli \u00e7e\u015fitleri vard\u0131r.<\/p>\n<p>Uygun fiyatl\u0131 kaliteli \u0131slak mendil almak i\u00e7in hemen Uzman Sat\u0131\u015f dan\u0131\u015fmanlar\u0131m\u0131za ula\u015f\u0131n.<\/p>\n<\/div>\n<\/div>\n<\/div>\n<div class=\"ticaret-bilgilendirme-main-div\">\n<div class=\"ticaret-bilgilendirme-box\">\n<div class=\"ticaret-bilgilendirme-box-i\"><\/div>\n<\/div>\n<\/div>\n","protected":false},"excerpt":{"rendered":"<div class=\"product-detail-header-right-spot\">Cuddles Standart Paket Islak Mendil<\/div>\n","protected":false},"featured_media":500,"comment_status":"open","ping_status":"closed","template":"","meta":[],"product_brand":[],"product_cat":[172,170],"product_tag":[],"class_list":{"0":"post-843","1":"product","2":"type-product","3":"status-publish","4":"has-post-thumbnail","6":"product_cat-cuddles-tr","7":"product_cat-wet-wipes-tr","9":"first","10":"instock","11":"shipping-taxable","12":"product-type-simple"},"_links":{"self":[{"href":"https:\/\/melekkagit.com\/tr\/wp-json\/wp\/v2\/product\/843","targetHints":{"allow":["GET"]}}],"collection":[{"href":"https:\/\/melekkagit.com\/tr\/wp-json\/wp\/v2\/product"}],"about":[{"href":"https:\/\/melekkagit.com\/tr\/wp-json\/wp\/v2\/types\/product"}],"replies":[{"embeddable":true,"href":"https:\/\/melekkagit.com\/tr\/wp-json\/wp\/v2\/comments?post=843"}],"wp:featuredmedia":[{"embeddable":true,"href":"https:\/\/melekkagit.com\/tr\/wp-json\/wp\/v2\/media\/500"}],"wp:attachment":[{"href":"https:\/\/melekkagit.com\/tr\/wp-json\/wp\/v2\/media?parent=843"}],"wp:term":[{"taxonomy":"product_brand","embeddable":true,"href":"https:\/\/melekkagit.com\/tr\/wp-json\/wp\/v2\/product_brand?post=843"},{"taxonomy":"product_cat","embeddable":true,"href":"https:\/\/melekkagit.com\/tr\/wp-json\/wp\/v2\/product_cat?post=843"},{"taxonomy":"product_tag","embeddable":true,"href":"https:\/\/melekkagit.com\/tr\/wp-json\/wp\/v2\/product_tag?post=843"}],"curies":[{"name":"wp","href":"https:\/\/api.w.org\/{rel}","templated":true}]}}