{"id":841,"date":"2023-12-17T14:39:38","date_gmt":"2023-12-17T14:39:38","guid":{"rendered":"https:\/\/melekkagit.com\/new\/product\/kategorilenmemis\/medlux-adult-pants\/"},"modified":"2023-12-30T15:58:10","modified_gmt":"2023-12-30T15:58:10","slug":"medlux-adult-pants","status":"publish","type":"product","link":"https:\/\/melekkagit.com\/tr\/product\/medlux-tr\/medlux-adult-pants\/","title":{"rendered":"MEDLUX ADULT PANTS"},"content":{"rendered":"<p>Medlux Yeti\u015fkin K\u00fclot bezler ile rahat\u00e7a ya\u015fam\u0131na devam eden yeti\u015fkinler, hayatlar\u0131n\u0131n en \u00f6nemli anlar\u0131n\u0131 kayg\u0131dan uzak ve g\u00fcven duyarak ge\u00e7irmektedir.<br \/>\nYeti\u015fkin K\u00fclot Bez \u00fcr\u00fcnlerimiz ;<br \/>\nM, L ve XL bedenlerde sat\u0131\u015fa sunulmaktad\u0131r. \u00dcr\u00fcnlerimiz uygun fiyatl\u0131 ve y\u00fcksek kalite \u00fcr\u00fcnler olup, piyasaya rekabet\u00e7i bir bak\u0131\u015f a\u00e7\u0131s\u0131 getirmi\u015ftir.<br \/>\nSiz de medikal alanda \u00e7\u0131\u011f\u0131r a\u00e7an Medlux K\u00fclot bez \u00fcr\u00fcn\u00fcm\u00fcz\u00fc almak istiyorsan\u0131z hemen uzman sat\u0131\u015f temsilcilerimize ula\u015f\u0131n\u0131z.<\/p>\n<p>&nbsp;<\/p>\n","protected":false},"excerpt":{"rendered":"<div class=\"product-detail-header-right-spot\">Medlux Yeti\u015fkin K\u00fclot Bezler &#8211; Medlux Adult Pants<\/div>\n","protected":false},"featured_media":502,"comment_status":"open","ping_status":"closed","template":"","meta":[],"product_brand":[],"product_cat":[188,186],"product_tag":[],"class_list":{"0":"post-841","1":"product","2":"type-product","3":"status-publish","4":"has-post-thumbnail","6":"product_cat-medlux-tr","7":"product_cat-adult-diapers-tr","9":"first","10":"instock","11":"shipping-taxable","12":"product-type-simple"},"_links":{"self":[{"href":"https:\/\/melekkagit.com\/tr\/wp-json\/wp\/v2\/product\/841","targetHints":{"allow":["GET"]}}],"collection":[{"href":"https:\/\/melekkagit.com\/tr\/wp-json\/wp\/v2\/product"}],"about":[{"href":"https:\/\/melekkagit.com\/tr\/wp-json\/wp\/v2\/types\/product"}],"replies":[{"embeddable":true,"href":"https:\/\/melekkagit.com\/tr\/wp-json\/wp\/v2\/comments?post=841"}],"wp:featuredmedia":[{"embeddable":true,"href":"https:\/\/melekkagit.com\/tr\/wp-json\/wp\/v2\/media\/502"}],"wp:attachment":[{"href":"https:\/\/melekkagit.com\/tr\/wp-json\/wp\/v2\/media?parent=841"}],"wp:term":[{"taxonomy":"product_brand","embeddable":true,"href":"https:\/\/melekkagit.com\/tr\/wp-json\/wp\/v2\/product_brand?post=841"},{"taxonomy":"product_cat","embeddable":true,"href":"https:\/\/melekkagit.com\/tr\/wp-json\/wp\/v2\/product_cat?post=841"},{"taxonomy":"product_tag","embeddable":true,"href":"https:\/\/melekkagit.com\/tr\/wp-json\/wp\/v2\/product_tag?post=841"}],"curies":[{"name":"wp","href":"https:\/\/api.w.org\/{rel}","templated":true}]}}