{"id":839,"date":"2023-12-17T14:57:25","date_gmt":"2023-12-17T14:57:25","guid":{"rendered":"https:\/\/melekkagit.com\/new\/product\/kategorilenmemis\/hilina-baby-diaper\/"},"modified":"2023-12-30T16:05:32","modified_gmt":"2023-12-30T16:05:32","slug":"hilina-baby-diaper","status":"publish","type":"product","link":"https:\/\/melekkagit.com\/tr\/product\/baby-diapers-tr\/hilina-baby-diaper\/","title":{"rendered":"Hilina Baby Diaper"},"content":{"rendered":"<div class=\"product-detail-content-area\">\n<div id=\"tab-products\" data-easytabs=\"true\">\n<div id=\"info\" class=\"products_tabs_contents active\">\n<p>Melek Ka\u011f\u0131t firmas\u0131n\u0131n bebek bezi deneyimi ile tasar\u0131m\u0131 yap\u0131lan Hilina Bebek Bezi, \u00c7ocu\u011funuzun sa\u011fl\u0131\u011f\u0131na ve cildine dost, antialerjik, nefes alan yap\u0131s\u0131 ve s\u00fcper emici anatomik yap\u0131s\u0131 ile yeni nesil bir bebek bezidir. Tasar\u0131m\u0131nda bebeklerin rahat etmesi i\u00e7in her\u015fey d\u00fc\u015f\u00fcn\u00fclm\u00fc\u015ft\u00fcr. Tasar\u0131m\u0131 ve bebek dostu cilde zarar vermeyen dokusu sayesinde bebekler incinmez ve rahats\u0131z olmazlar. Esnek yan bantlar\u0131 ile bebeklerin belini tahri\u015f etmez, zarar vermez. S\u0131v\u0131 ge\u00e7irmez i\u00e7 bariyerler ise s\u0131z\u0131nt\u0131 riskini ortadan kald\u0131r\u0131r.<\/p>\n<p>L\u00fctfen Hilina Markas\u0131n\u0131n Bebek Bezi \u00e7e\u015fitleri i\u00e7in Uzman Sat\u0131\u015f temsilcisi arkada\u015flar\u0131m\u0131zdan fiyat teklifi isteyin.<\/p>\n<\/div>\n<\/div>\n<\/div>\n<div class=\"ticaret-bilgilendirme-main-div\">\n<div class=\"ticaret-bilgilendirme-box\">\n<div class=\"ticaret-bilgilendirme-box-i\"><\/div>\n<\/div>\n<\/div>\n","protected":false},"excerpt":{"rendered":"<p>Melek Ka\u011f\u0131t firmas\u0131n\u0131n bebek bezi deneyimi ile tasar\u0131m\u0131 yap\u0131lan Hilina Bebek Bezi, \u00c7ocu\u011funuzun sa\u011fl\u0131\u011f\u0131na ve cildine dost, antialerjik, nefes alan yap\u0131s\u0131 ve s\u00fcper emici anatomik yap\u0131s\u0131 ile yeni nesil bir bebek bezidir. Tasar\u0131m\u0131nda bebeklerin rahat etmesi i\u00e7in her\u015fey d\u00fc\u015f\u00fcn\u00fclm\u00fc\u015ft\u00fcr. Tasar\u0131m\u0131 ve bebek dostu cilde zarar vermeyen dokusu sayesinde bebekler incinmez ve rahats\u0131z olmazlar. Esnek yan [&hellip;]<\/p>\n","protected":false},"featured_media":516,"comment_status":"open","ping_status":"closed","template":"","meta":[],"product_brand":[],"product_cat":[176,184],"product_tag":[],"class_list":{"0":"post-839","1":"product","2":"type-product","3":"status-publish","4":"has-post-thumbnail","6":"product_cat-baby-diapers-tr","7":"product_cat-hilina-tr","9":"first","10":"instock","11":"shipping-taxable","12":"product-type-simple"},"_links":{"self":[{"href":"https:\/\/melekkagit.com\/tr\/wp-json\/wp\/v2\/product\/839","targetHints":{"allow":["GET"]}}],"collection":[{"href":"https:\/\/melekkagit.com\/tr\/wp-json\/wp\/v2\/product"}],"about":[{"href":"https:\/\/melekkagit.com\/tr\/wp-json\/wp\/v2\/types\/product"}],"replies":[{"embeddable":true,"href":"https:\/\/melekkagit.com\/tr\/wp-json\/wp\/v2\/comments?post=839"}],"wp:featuredmedia":[{"embeddable":true,"href":"https:\/\/melekkagit.com\/tr\/wp-json\/wp\/v2\/media\/516"}],"wp:attachment":[{"href":"https:\/\/melekkagit.com\/tr\/wp-json\/wp\/v2\/media?parent=839"}],"wp:term":[{"taxonomy":"product_brand","embeddable":true,"href":"https:\/\/melekkagit.com\/tr\/wp-json\/wp\/v2\/product_brand?post=839"},{"taxonomy":"product_cat","embeddable":true,"href":"https:\/\/melekkagit.com\/tr\/wp-json\/wp\/v2\/product_cat?post=839"},{"taxonomy":"product_tag","embeddable":true,"href":"https:\/\/melekkagit.com\/tr\/wp-json\/wp\/v2\/product_tag?post=839"}],"curies":[{"name":"wp","href":"https:\/\/api.w.org\/{rel}","templated":true}]}}