{"id":837,"date":"2023-12-17T15:03:02","date_gmt":"2023-12-17T15:03:02","guid":{"rendered":"https:\/\/melekkagit.com\/new\/product\/kategorilenmemis\/medlux-patient-bed-cover-underpad-60x90-cm\/"},"modified":"2023-12-30T16:04:12","modified_gmt":"2023-12-30T16:04:12","slug":"medlux-patient-bed-cover-underpad-60x90-cm","status":"publish","type":"product","link":"https:\/\/melekkagit.com\/tr\/product\/medlux-patient-bed-cover-tr\/medlux-patient-bed-cover-underpad-60x90-cm\/","title":{"rendered":"MEDLUX HASTA YATAK \u00d6RT\u00dcS\u00dc UNDERPAD 60&#215;90 cm"},"content":{"rendered":"<div class=\"product-detail-content-area\">\n<div id=\"tab-products\" data-easytabs=\"true\">\n<div id=\"info\" class=\"products_tabs_contents active\">\n<p>Medlux Hastalar i\u00e7in ve yeti\u015fkinler i\u00e7in kullan\u0131lmak \u00fczere hasta yatak \u00f6rt\u00fcs\u00fcn\u00fc tasarlam\u0131\u015ft\u0131r.<\/p>\n<p>Y\u00fczde y\u00fcz koruma sa\u011flar ve g\u00fcvenle kullan\u0131ma olanak verir.<\/p>\n<p>60&#215;90 cm ebatlar\u0131nda kullan\u0131labilir ve di\u011fer \u00e7e\u015fitleri de mevcuttur.<\/p>\n<\/div>\n<\/div>\n<\/div>\n<div class=\"ticaret-bilgilendirme-main-div\">\n<div class=\"ticaret-bilgilendirme-box\">\n<div class=\"ticaret-bilgilendirme-box-i\"><\/div>\n<\/div>\n<\/div>\n","protected":false},"excerpt":{"rendered":"<div class=\"product-detail-header-right-spot\">Medlux Hasta Yatak \u00d6rt\u00fcs\u00fc &#8211; Underpad 60&#215;90 cm<\/div>\n","protected":false},"featured_media":524,"comment_status":"open","ping_status":"closed","template":"","meta":[],"product_brand":[],"product_cat":[190,186],"product_tag":[],"class_list":{"0":"post-837","1":"product","2":"type-product","3":"status-publish","4":"has-post-thumbnail","6":"product_cat-medlux-patient-bed-cover-tr","7":"product_cat-adult-diapers-tr","9":"first","10":"instock","11":"shipping-taxable","12":"product-type-simple"},"_links":{"self":[{"href":"https:\/\/melekkagit.com\/tr\/wp-json\/wp\/v2\/product\/837","targetHints":{"allow":["GET"]}}],"collection":[{"href":"https:\/\/melekkagit.com\/tr\/wp-json\/wp\/v2\/product"}],"about":[{"href":"https:\/\/melekkagit.com\/tr\/wp-json\/wp\/v2\/types\/product"}],"replies":[{"embeddable":true,"href":"https:\/\/melekkagit.com\/tr\/wp-json\/wp\/v2\/comments?post=837"}],"wp:featuredmedia":[{"embeddable":true,"href":"https:\/\/melekkagit.com\/tr\/wp-json\/wp\/v2\/media\/524"}],"wp:attachment":[{"href":"https:\/\/melekkagit.com\/tr\/wp-json\/wp\/v2\/media?parent=837"}],"wp:term":[{"taxonomy":"product_brand","embeddable":true,"href":"https:\/\/melekkagit.com\/tr\/wp-json\/wp\/v2\/product_brand?post=837"},{"taxonomy":"product_cat","embeddable":true,"href":"https:\/\/melekkagit.com\/tr\/wp-json\/wp\/v2\/product_cat?post=837"},{"taxonomy":"product_tag","embeddable":true,"href":"https:\/\/melekkagit.com\/tr\/wp-json\/wp\/v2\/product_tag?post=837"}],"curies":[{"name":"wp","href":"https:\/\/api.w.org\/{rel}","templated":true}]}}