{"id":807,"date":"2023-12-17T15:53:56","date_gmt":"2023-12-17T15:53:56","guid":{"rendered":"https:\/\/melekkagit.com\/new\/product\/kategorilenmemis\/super-economic-1\/"},"modified":"2023-12-17T15:53:56","modified_gmt":"2023-12-17T15:53:56","slug":"super-economic-1","status":"publish","type":"product","link":"https:\/\/melekkagit.com\/tr\/product\/baby-diapers-tr\/super-economic-1\/","title":{"rendered":"Super Economic &#8211; 1"},"content":{"rendered":"<p>Sizes: New Born (1) to Junior + (6) with various pack sizes<\/p>\n<div class=\"product-detail-content-area\">\n<div id=\"tab-products\" data-easytabs=\"true\">\n<div id=\"info\" class=\"products_tabs_contents active\">\n<table border=\"1\">\n<tbody>\n<tr>\n<td><strong>NAME<\/strong><\/td>\n<td><strong>SIZE<\/strong><\/td>\n<td><strong>PCS<\/strong><\/td>\n<td><strong>PACK IN BALE<\/strong><\/td>\n<\/tr>\n<tr>\n<td>NEW BORN<\/td>\n<td>1<\/td>\n<td>34<\/td>\n<td>5<\/td>\n<\/tr>\n<tr>\n<td>M\u0130N\u0130<\/td>\n<td>2<\/td>\n<td>32<\/td>\n<td>5<\/td>\n<\/tr>\n<tr>\n<td>M\u0130D\u0130<\/td>\n<td>3<\/td>\n<td>28<\/td>\n<td>5<\/td>\n<\/tr>\n<tr>\n<td>MAX\u0130<\/td>\n<td>4<\/td>\n<td>24<\/td>\n<td>5<\/td>\n<\/tr>\n<tr>\n<td>JUN\u0130OR<\/td>\n<td>5<\/td>\n<td>20<\/td>\n<td>5<\/td>\n<\/tr>\n<tr>\n<td>JUN\u0130OR +<\/td>\n<td>6<\/td>\n<td>18<\/td>\n<td>5<\/td>\n<\/tr>\n<\/tbody>\n<\/table>\n<\/div>\n<\/div>\n<\/div>\n<div class=\"ticaret-bilgilendirme-main-div\">\n<div class=\"ticaret-bilgilendirme-box\">\n<div class=\"ticaret-bilgilendirme-box-i\"><\/div>\n<\/div>\n<\/div>\n","protected":false},"excerpt":{"rendered":"<p>Sizes: New Born (1) to Junior + (6) with various pack sizes NAME SIZE PCS PACK IN BALE NEW BORN 1 34 5 M\u0130N\u0130 2 32 5 M\u0130D\u0130 3 28 5 MAX\u0130 4 24 5 JUN\u0130OR 5 20 5 JUN\u0130OR + 6 18 5<\/p>\n","protected":false},"featured_media":578,"comment_status":"open","ping_status":"closed","template":"","meta":[],"product_brand":[],"product_cat":[176,178],"product_tag":[],"class_list":{"0":"post-807","1":"product","2":"type-product","3":"status-publish","4":"has-post-thumbnail","6":"product_cat-baby-diapers-tr","7":"product_cat-cuddles-baby-diapers-tr","9":"first","10":"instock","11":"shipping-taxable","12":"product-type-simple"},"_links":{"self":[{"href":"https:\/\/melekkagit.com\/tr\/wp-json\/wp\/v2\/product\/807","targetHints":{"allow":["GET"]}}],"collection":[{"href":"https:\/\/melekkagit.com\/tr\/wp-json\/wp\/v2\/product"}],"about":[{"href":"https:\/\/melekkagit.com\/tr\/wp-json\/wp\/v2\/types\/product"}],"replies":[{"embeddable":true,"href":"https:\/\/melekkagit.com\/tr\/wp-json\/wp\/v2\/comments?post=807"}],"wp:featuredmedia":[{"embeddable":true,"href":"https:\/\/melekkagit.com\/tr\/wp-json\/wp\/v2\/media\/578"}],"wp:attachment":[{"href":"https:\/\/melekkagit.com\/tr\/wp-json\/wp\/v2\/media?parent=807"}],"wp:term":[{"taxonomy":"product_brand","embeddable":true,"href":"https:\/\/melekkagit.com\/tr\/wp-json\/wp\/v2\/product_brand?post=807"},{"taxonomy":"product_cat","embeddable":true,"href":"https:\/\/melekkagit.com\/tr\/wp-json\/wp\/v2\/product_cat?post=807"},{"taxonomy":"product_tag","embeddable":true,"href":"https:\/\/melekkagit.com\/tr\/wp-json\/wp\/v2\/product_tag?post=807"}],"curies":[{"name":"wp","href":"https:\/\/api.w.org\/{rel}","templated":true}]}}