{"id":724,"date":"2023-12-17T19:38:52","date_gmt":"2023-12-17T19:38:52","guid":{"rendered":"https:\/\/melekkagit.com\/new\/blog\/"},"modified":"2023-12-30T11:24:07","modified_gmt":"2023-12-30T11:24:07","slug":"blog","status":"publish","type":"page","link":"https:\/\/melekkagit.com\/tr\/blog\/","title":{"rendered":"Makaleler"},"content":{"rendered":"\t\t<div data-elementor-type=\"wp-page\" data-elementor-id=\"724\" class=\"elementor elementor-724 elementor-151\" data-elementor-post-type=\"page\">\n\t\t\t\t<div class=\"elementor-element elementor-element-8bbfd47 e-flex e-con-boxed e-con e-parent\" data-id=\"8bbfd47\" data-element_type=\"container\" data-e-type=\"container\" data-settings=\"{&quot;background_background&quot;:&quot;classic&quot;}\">\n\t\t\t\t\t<div class=\"e-con-inner\">\n\t\t<div class=\"elementor-element elementor-element-52bb175 e-con-full e-flex e-con e-child\" data-id=\"52bb175\" data-element_type=\"container\" data-e-type=\"container\">\n\t\t\t\t<div class=\"elementor-element elementor-element-a7ed8ee elementor-widget elementor-widget-heading\" data-id=\"a7ed8ee\" data-element_type=\"widget\" data-e-type=\"widget\" data-widget_type=\"heading.default\">\n\t\t\t\t<div class=\"elementor-widget-container\">\n\t\t\t\t\t<h2 class=\"elementor-heading-title elementor-size-default\">Makaleler<\/h2>\t\t\t\t<\/div>\n\t\t\t\t<\/div>\n\t\t\t\t<\/div>\n\t\t<div class=\"elementor-element elementor-element-dfe6c00 e-con-full e-flex e-con e-child\" data-id=\"dfe6c00\" data-element_type=\"container\" data-e-type=\"container\">\n\t\t\t\t<div class=\"elementor-element elementor-element-195a25a elementor-widget elementor-widget-woocommerce-breadcrumb\" data-id=\"195a25a\" data-element_type=\"widget\" data-e-type=\"widget\" data-widget_type=\"woocommerce-breadcrumb.default\">\n\t\t\t\t<div class=\"elementor-widget-container\">\n\t\t\t\t\t<nav class=\"woocommerce-breadcrumb\" aria-label=\"Breadcrumb\">Ana Sayfa<\/nav>\t\t\t\t<\/div>\n\t\t\t\t<\/div>\n\t\t\t\t<\/div>\n\t\t\t\t\t<\/div>\n\t\t\t\t<\/div>\n\t\t<div class=\"elementor-element elementor-element-068a9b1 e-flex e-con-boxed e-con e-parent\" data-id=\"068a9b1\" data-element_type=\"container\" data-e-type=\"container\">\n\t\t\t\t\t<div class=\"e-con-inner\">\n\t\t\t\t<div class=\"elementor-element elementor-element-7c639f8 elementor-widget elementor-widget-heading\" data-id=\"7c639f8\" data-element_type=\"widget\" data-e-type=\"widget\" data-widget_type=\"heading.default\">\n\t\t\t\t<div class=\"elementor-widget-container\">\n\t\t\t\t\t<p class=\"elementor-heading-title elementor-size-default\">Bizden son haberlere ve duyurulara ula\u015fmak i\u00e7in a\u015fa\u011f\u0131daki listelere g\u00f6zatabilirsiniz\n<\/p>\t\t\t\t<\/div>\n\t\t\t\t<\/div>\n\t\t\t\t<div class=\"elementor-element elementor-element-f9c746a elementor-grid-3 elementor-grid-tablet-2 elementor-grid-mobile-1 elementor-posts--thumbnail-top elementor-widget elementor-widget-posts\" data-id=\"f9c746a\" data-element_type=\"widget\" data-e-type=\"widget\" data-settings=\"{&quot;pagination_type&quot;:&quot;prev_next&quot;,&quot;classic_columns&quot;:&quot;3&quot;,&quot;classic_columns_tablet&quot;:&quot;2&quot;,&quot;classic_columns_mobile&quot;:&quot;1&quot;,&quot;classic_row_gap&quot;:{&quot;unit&quot;:&quot;px&quot;,&quot;size&quot;:35,&quot;sizes&quot;:[]},&quot;classic_row_gap_tablet&quot;:{&quot;unit&quot;:&quot;px&quot;,&quot;size&quot;:&quot;&quot;,&quot;sizes&quot;:[]},&quot;classic_row_gap_mobile&quot;:{&quot;unit&quot;:&quot;px&quot;,&quot;size&quot;:&quot;&quot;,&quot;sizes&quot;:[]}}\" data-widget_type=\"posts.classic\">\n\t\t\t\t<div class=\"elementor-widget-container\">\n\t\t\t\t\t\t\t<div class=\"elementor-posts-container elementor-posts elementor-posts--skin-classic elementor-grid\" role=\"list\">\n\t\t\t\t<article class=\"elementor-post elementor-grid-item post-751 post type-post status-publish format-standard has-post-thumbnail hentry category-uncategorized-tr tag-bebek-bezi-tr tag-bebek-bezi-uretimi-tr tag-cildi-koruyan-bebek-bezi-tr tag-dogal-bebek-bezi-tr tag-gaziantep-bebek-bezi-tr tag-hassas-ciltlere-uygun-bebek-bezi-tr tag-otomasyon-bebek-bezi-tr tag-saglikli-bebek-bezi-tr tag-turkiye-bebek-bezi-tr\" role=\"listitem\">\n\t\t\t\t<a class=\"elementor-post__thumbnail__link\" href=\"https:\/\/melekkagit.com\/tr\/what-should-be-considered-in-baby-diaper-production\/\" tabindex=\"-1\" >\n\t\t\t<div class=\"elementor-post__thumbnail\"><img fetchpriority=\"high\" decoding=\"async\" width=\"300\" height=\"201\" src=\"https:\/\/melekkagit.com\/wp-content\/uploads\/2023\/12\/9766105423550-161-106544e0-dfd4-4cda-bd90-1adf57fd034fbebek-bezi-nasil-degistirilir--300x201.jpg\" class=\"attachment-medium size-medium wp-image-706\" alt=\"\" srcset=\"https:\/\/melekkagit.com\/wp-content\/uploads\/2023\/12\/9766105423550-161-106544e0-dfd4-4cda-bd90-1adf57fd034fbebek-bezi-nasil-degistirilir--300x201.jpg 300w, https:\/\/melekkagit.com\/wp-content\/uploads\/2023\/12\/9766105423550-161-106544e0-dfd4-4cda-bd90-1adf57fd034fbebek-bezi-nasil-degistirilir-.jpg 720w\" sizes=\"(max-width: 300px) 100vw, 300px\" \/><\/div>\n\t\t<\/a>\n\t\t\t\t<div class=\"elementor-post__text\">\n\t\t\t\t<h3 class=\"elementor-post__title\">\n\t\t\t<a href=\"https:\/\/melekkagit.com\/tr\/what-should-be-considered-in-baby-diaper-production\/\" >\n\t\t\t\tBEBEK BEZ\u0130 \u00dcRET\u0130M\u0130NDE NELERE DIKKAT ED\u0130LMEL\u0130D\u0130R?\t\t\t<\/a>\n\t\t<\/h3>\n\t\t\t\t<div class=\"elementor-post__excerpt\">\n\t\t\t<p>Bebek bezi \u00fcretimi, Bebek bezi nas\u0131l \u00fcretilir ? Tek kullan\u0131ml\u0131k \u00fcr\u00fcnlerden olan bebek bezi, 21.yy i\u00e7in bebek ve \u00e7ocuk sa\u011fl\u0131\u011f\u0131 a\u00e7\u0131s\u0131ndan \u00e7ok \u00f6nemli bir \u00fcr\u00fcnd\u00fcr.<\/p>\n\t\t<\/div>\n\t\t\n\t\t<a class=\"elementor-post__read-more\" href=\"https:\/\/melekkagit.com\/tr\/what-should-be-considered-in-baby-diaper-production\/\" aria-label=\"Read more about BEBEK BEZ\u0130 \u00dcRET\u0130M\u0130NDE NELERE DIKKAT ED\u0130LMEL\u0130D\u0130R?\" tabindex=\"-1\" >\n\t\t\tDevam\u0131n\u0131 Oku \u00bb\t\t<\/a>\n\n\t\t\t\t<\/div>\n\t\t\t\t<\/article>\n\t\t\t\t<article class=\"elementor-post elementor-grid-item post-749 post type-post status-publish format-standard has-post-thumbnail hentry category-uncategorized-tr tag-anti-allerjen-bebek-bezi-tr tag-bebek-bezi-tr tag-en-hassas-ciltler-icin-gereken-bebek-bezi-tr tag-en-uygun-bebek-bezi-secimi-tr tag-ergonomik-bebek-bezi-tr tag-hassas-ciltli-bebek-bezi-tr tag-islak-olmayan-kuru-bebek-bezi-tr tag-kaliteli-bebek-bezi-tr tag-melek-kagit-2-tr tag-melek-kagit-tr tag-uygun-fiyatli-bebek-bezi-tr\" role=\"listitem\">\n\t\t\t\t<a class=\"elementor-post__thumbnail__link\" href=\"https:\/\/melekkagit.com\/tr\/explanatory-information-about-baby-diaper-use-and-baby-hygiene\/\" tabindex=\"-1\" >\n\t\t\t<div class=\"elementor-post__thumbnail\"><img decoding=\"async\" width=\"300\" height=\"200\" src=\"https:\/\/melekkagit.com\/wp-content\/uploads\/2023\/12\/2190083291601-208-shutterstock_1033414186-scaled-1-300x200.jpg\" class=\"attachment-medium size-medium wp-image-704\" alt=\"\" srcset=\"https:\/\/melekkagit.com\/wp-content\/uploads\/2023\/12\/2190083291601-208-shutterstock_1033414186-scaled-1-300x200.jpg 300w, https:\/\/melekkagit.com\/wp-content\/uploads\/2023\/12\/2190083291601-208-shutterstock_1033414186-scaled-1-1024x683.jpg 1024w, https:\/\/melekkagit.com\/wp-content\/uploads\/2023\/12\/2190083291601-208-shutterstock_1033414186-scaled-1-768x512.jpg 768w, https:\/\/melekkagit.com\/wp-content\/uploads\/2023\/12\/2190083291601-208-shutterstock_1033414186-scaled-1-1536x1024.jpg 1536w, https:\/\/melekkagit.com\/wp-content\/uploads\/2023\/12\/2190083291601-208-shutterstock_1033414186-scaled-1-2048x1366.jpg 2048w\" sizes=\"(max-width: 300px) 100vw, 300px\" \/><\/div>\n\t\t<\/a>\n\t\t\t\t<div class=\"elementor-post__text\">\n\t\t\t\t<h3 class=\"elementor-post__title\">\n\t\t\t<a href=\"https:\/\/melekkagit.com\/tr\/explanatory-information-about-baby-diaper-use-and-baby-hygiene\/\" >\n\t\t\t\tBEBEK BEZ\u0130 KULLANIMI VE BEBEK H\u0130JYEN\u0130 HAKKINDA A\u00c7IKLAYICI B\u0130LG\u0130LER\t\t\t<\/a>\n\t\t<\/h3>\n\t\t\t\t<div class=\"elementor-post__excerpt\">\n\t\t\t<p>Bebek bezi se\u00e7imi ve bebeklerin hassas ciltlerine uygun bebek bezlerinin kullan\u0131lmas\u0131 gerekti\u011fini anlatt\u0131\u011f\u0131m\u0131z bu yaz\u0131m\u0131zda bebekler ile \u00e7o\u011fu zaman birlikte olan bebek bezlerinin se\u00e7iminin \u00f6nemi<\/p>\n\t\t<\/div>\n\t\t\n\t\t<a class=\"elementor-post__read-more\" href=\"https:\/\/melekkagit.com\/tr\/explanatory-information-about-baby-diaper-use-and-baby-hygiene\/\" aria-label=\"Read more about BEBEK BEZ\u0130 KULLANIMI VE BEBEK H\u0130JYEN\u0130 HAKKINDA A\u00c7IKLAYICI B\u0130LG\u0130LER\" tabindex=\"-1\" >\n\t\t\tDevam\u0131n\u0131 Oku \u00bb\t\t<\/a>\n\n\t\t\t\t<\/div>\n\t\t\t\t<\/article>\n\t\t\t\t<article class=\"elementor-post elementor-grid-item post-747 post type-post status-publish format-standard has-post-thumbnail hentry category-uncategorized-tr tag-bebek-bakimi-tr tag-bebek-bezi-ve-islak-mendil-tr tag-ekonomik-islak-mendil-tr tag-hijyen-urunleri-tr tag-hijyenik-islak-mendil-tr tag-islak-mendil-tr tag-kaliteli-islak-mendil-tr tag-made-in-turkiye-tr tag-parabensiz-alkolsuz-islak-mendil-tr tag-tahris-etmeyen-islak-mendil-tr tag-turk-mali-islak-mendil-tr tag-turkiye-islak-mendil-tr\" role=\"listitem\">\n\t\t\t\t<a class=\"elementor-post__thumbnail__link\" href=\"https:\/\/melekkagit.com\/tr\/use-of-wet-wipes-in-baby-care-and-the-importance-of-baby-hygiene\/\" tabindex=\"-1\" >\n\t\t\t<div class=\"elementor-post__thumbnail\"><img decoding=\"async\" width=\"300\" height=\"169\" src=\"https:\/\/melekkagit.com\/wp-content\/uploads\/2023\/12\/9781618269603-373-en_saglikli_islak_mendili_hangisi_2022_bebekler_icin_en_iyi_islak_mendil_markalari_neler_1657196602_4677-300x169.webp\" class=\"attachment-medium size-medium wp-image-702\" alt=\"\" srcset=\"https:\/\/melekkagit.com\/wp-content\/uploads\/2023\/12\/9781618269603-373-en_saglikli_islak_mendili_hangisi_2022_bebekler_icin_en_iyi_islak_mendil_markalari_neler_1657196602_4677-300x169.webp 300w, https:\/\/melekkagit.com\/wp-content\/uploads\/2023\/12\/9781618269603-373-en_saglikli_islak_mendili_hangisi_2022_bebekler_icin_en_iyi_islak_mendil_markalari_neler_1657196602_4677-1024x576.webp 1024w, https:\/\/melekkagit.com\/wp-content\/uploads\/2023\/12\/9781618269603-373-en_saglikli_islak_mendili_hangisi_2022_bebekler_icin_en_iyi_islak_mendil_markalari_neler_1657196602_4677-768x432.webp 768w, https:\/\/melekkagit.com\/wp-content\/uploads\/2023\/12\/9781618269603-373-en_saglikli_islak_mendili_hangisi_2022_bebekler_icin_en_iyi_islak_mendil_markalari_neler_1657196602_4677.webp 1300w\" sizes=\"(max-width: 300px) 100vw, 300px\" \/><\/div>\n\t\t<\/a>\n\t\t\t\t<div class=\"elementor-post__text\">\n\t\t\t\t<h3 class=\"elementor-post__title\">\n\t\t\t<a href=\"https:\/\/melekkagit.com\/tr\/use-of-wet-wipes-in-baby-care-and-the-importance-of-baby-hygiene\/\" >\n\t\t\t\tBEBEK BAKIMINDA ISLAK MENDIL KULLANIMI VE BEBEK H\u0130JYEN\u0130N\u0130N \u00d6NEM\u0130\t\t\t<\/a>\n\t\t<\/h3>\n\t\t\t\t<div class=\"elementor-post__excerpt\">\n\t\t\t<p>Bebe\u011fe zarar vermeyen ve cildine uyum sa\u011flayan su bazl\u0131 \u0131slak mendillerin kullan\u0131m\u0131 ve g\u00fcndelik kullan\u0131mdaki \u0131slak mendillerin zarars\u0131z maddelerden \u00fcretilmesi \u00f6nem ta\u015f\u0131r. 30 Aral\u0131k 2022,<\/p>\n\t\t<\/div>\n\t\t\n\t\t<a class=\"elementor-post__read-more\" href=\"https:\/\/melekkagit.com\/tr\/use-of-wet-wipes-in-baby-care-and-the-importance-of-baby-hygiene\/\" aria-label=\"Read more about BEBEK BAKIMINDA ISLAK MENDIL KULLANIMI VE BEBEK H\u0130JYEN\u0130N\u0130N \u00d6NEM\u0130\" tabindex=\"-1\" >\n\t\t\tDevam\u0131n\u0131 Oku \u00bb\t\t<\/a>\n\n\t\t\t\t<\/div>\n\t\t\t\t<\/article>\n\t\t\t\t<article class=\"elementor-post elementor-grid-item post-746 post type-post status-publish format-standard has-post-thumbnail hentry category-uncategorized-tr tag-en-uygun-fiyatli-kadin-pedi-tr tag-kadin-pedi-secimi-tr tag-naviya-kadin-pedi-tr tag-solara-kadin-pedi-tr\" role=\"listitem\">\n\t\t\t\t<a class=\"elementor-post__thumbnail__link\" href=\"https:\/\/melekkagit.com\/tr\/things-to-consider-when-using-female-pads\/\" tabindex=\"-1\" >\n\t\t\t<div class=\"elementor-post__thumbnail\"><img loading=\"lazy\" decoding=\"async\" width=\"300\" height=\"200\" src=\"https:\/\/melekkagit.com\/wp-content\/uploads\/2023\/12\/8539912114283-714-kadin-pedi-gorsel-300x200.jpg\" class=\"attachment-medium size-medium wp-image-638\" alt=\"\" srcset=\"https:\/\/melekkagit.com\/wp-content\/uploads\/2023\/12\/8539912114283-714-kadin-pedi-gorsel-300x200.jpg 300w, https:\/\/melekkagit.com\/wp-content\/uploads\/2023\/12\/8539912114283-714-kadin-pedi-gorsel.jpg 612w\" sizes=\"(max-width: 300px) 100vw, 300px\" \/><\/div>\n\t\t<\/a>\n\t\t\t\t<div class=\"elementor-post__text\">\n\t\t\t\t<h3 class=\"elementor-post__title\">\n\t\t\t<a href=\"https:\/\/melekkagit.com\/tr\/things-to-consider-when-using-female-pads\/\" >\n\t\t\t\tKADIN PED\u0130 KULLANIMINDA D\u0130KKAT ED\u0130LMES\u0130 GEREKENLER\t\t\t<\/a>\n\t\t<\/h3>\n\t\t\t\t<div class=\"elementor-post__excerpt\">\n\t\t\t<p>Kad\u0131nlar\u0131n kullanm\u0131\u015f olduklar\u0131 pedler hakk\u0131nda ne kadar bilgi sahibi oldu\u011funun sorgulanmas\u0131. Bir kad\u0131n hayat\u0131 boyunca kullanm\u0131\u015f oldu\u011fu ortalama olarak onbir binden fazla kad\u0131n pedinin de\u011feri<\/p>\n\t\t<\/div>\n\t\t\n\t\t<a class=\"elementor-post__read-more\" href=\"https:\/\/melekkagit.com\/tr\/things-to-consider-when-using-female-pads\/\" aria-label=\"Read more about KADIN PED\u0130 KULLANIMINDA D\u0130KKAT ED\u0130LMES\u0130 GEREKENLER\" tabindex=\"-1\" >\n\t\t\tDevam\u0131n\u0131 Oku \u00bb\t\t<\/a>\n\n\t\t\t\t<\/div>\n\t\t\t\t<\/article>\n\t\t\t\t<\/div>\n\t\t\n\t\t\t\t\t\t<\/div>\n\t\t\t\t<\/div>\n\t\t\t\t\t<\/div>\n\t\t\t\t<\/div>\n\t\t\t\t<\/div>\n\t\t","protected":false},"excerpt":{"rendered":"<p>Bizden son haberlere ve duyurulara ula\u015fmak i\u00e7in a\u015fa\u011f\u0131daki listelere g\u00f6zatabilirsiniz<\/p>\n","protected":false},"author":1,"featured_media":0,"parent":0,"menu_order":0,"comment_status":"closed","ping_status":"closed","template":"elementor_header_footer","meta":{"footnotes":""},"class_list":["post-724","page","type-page","status-publish","hentry"],"_links":{"self":[{"href":"https:\/\/melekkagit.com\/tr\/wp-json\/wp\/v2\/pages\/724","targetHints":{"allow":["GET"]}}],"collection":[{"href":"https:\/\/melekkagit.com\/tr\/wp-json\/wp\/v2\/pages"}],"about":[{"href":"https:\/\/melekkagit.com\/tr\/wp-json\/wp\/v2\/types\/page"}],"author":[{"embeddable":true,"href":"https:\/\/melekkagit.com\/tr\/wp-json\/wp\/v2\/users\/1"}],"replies":[{"embeddable":true,"href":"https:\/\/melekkagit.com\/tr\/wp-json\/wp\/v2\/comments?post=724"}],"version-history":[{"count":4,"href":"https:\/\/melekkagit.com\/tr\/wp-json\/wp\/v2\/pages\/724\/revisions"}],"predecessor-version":[{"id":743,"href":"https:\/\/melekkagit.com\/tr\/wp-json\/wp\/v2\/pages\/724\/revisions\/743"}],"wp:attachment":[{"href":"https:\/\/melekkagit.com\/tr\/wp-json\/wp\/v2\/media?parent=724"}],"curies":[{"name":"wp","href":"https:\/\/api.w.org\/{rel}","templated":true}]}}