{"id":722,"date":"2023-12-17T19:47:26","date_gmt":"2023-12-17T19:47:26","guid":{"rendered":"https:\/\/melekkagit.com\/new\/about-us\/"},"modified":"2024-01-02T15:05:02","modified_gmt":"2024-01-02T15:05:02","slug":"about-us","status":"publish","type":"page","link":"https:\/\/melekkagit.com\/tr\/about-us\/","title":{"rendered":"Hakk\u0131m\u0131zda"},"content":{"rendered":"\t\t<div data-elementor-type=\"wp-page\" data-elementor-id=\"722\" class=\"elementor elementor-722 elementor-160\" data-elementor-post-type=\"page\">\n\t\t\t\t<div class=\"elementor-element elementor-element-0ee1463 e-flex e-con-boxed e-con e-parent\" data-id=\"0ee1463\" data-element_type=\"container\" data-e-type=\"container\" data-settings=\"{&quot;background_background&quot;:&quot;classic&quot;}\">\n\t\t\t\t\t<div class=\"e-con-inner\">\n\t\t<div class=\"elementor-element elementor-element-af81707 e-con-full e-flex e-con e-child\" data-id=\"af81707\" data-element_type=\"container\" data-e-type=\"container\">\n\t\t\t\t<div class=\"elementor-element elementor-element-9499326 elementor-widget elementor-widget-heading\" data-id=\"9499326\" data-element_type=\"widget\" data-e-type=\"widget\" data-widget_type=\"heading.default\">\n\t\t\t\t<div class=\"elementor-widget-container\">\n\t\t\t\t\t<h2 class=\"elementor-heading-title elementor-size-default\">Hakk\u0131m\u0131zda<\/h2>\t\t\t\t<\/div>\n\t\t\t\t<\/div>\n\t\t\t\t<\/div>\n\t\t<div class=\"elementor-element elementor-element-7872aa8 e-con-full e-flex e-con e-child\" data-id=\"7872aa8\" data-element_type=\"container\" data-e-type=\"container\">\n\t\t\t\t<div class=\"elementor-element elementor-element-1bc53be elementor-widget elementor-widget-woocommerce-breadcrumb\" data-id=\"1bc53be\" data-element_type=\"widget\" data-e-type=\"widget\" data-widget_type=\"woocommerce-breadcrumb.default\">\n\t\t\t\t<div class=\"elementor-widget-container\">\n\t\t\t\t\t<nav class=\"woocommerce-breadcrumb\" aria-label=\"Breadcrumb\">Ana Sayfa<\/nav>\t\t\t\t<\/div>\n\t\t\t\t<\/div>\n\t\t\t\t<\/div>\n\t\t\t\t\t<\/div>\n\t\t\t\t<\/div>\n\t\t<div class=\"elementor-element elementor-element-f25e7c2 e-flex e-con-boxed e-con e-parent\" data-id=\"f25e7c2\" data-element_type=\"container\" data-e-type=\"container\">\n\t\t\t\t\t<div class=\"e-con-inner\">\n\t\t<div class=\"elementor-element elementor-element-e0ecef7 e-con-full e-flex e-con e-child\" data-id=\"e0ecef7\" data-element_type=\"container\" data-e-type=\"container\">\n\t\t\t\t<div class=\"elementor-element elementor-element-fe80c02 elementor-widget elementor-widget-heading\" data-id=\"fe80c02\" data-element_type=\"widget\" data-e-type=\"widget\" data-widget_type=\"heading.default\">\n\t\t\t\t<div class=\"elementor-widget-container\">\n\t\t\t\t\t<h3 class=\"elementor-heading-title elementor-size-default\">MELEK KA\u011eIT \u00dcR\u00dcNLER\u0130 VE H\u0130JYEN SANAY\u0130 VE T\u0130CARET L\u0130M\u0130TED \u015e\u0130RKET\u0130 <\/h3>\t\t\t\t<\/div>\n\t\t\t\t<\/div>\n\t\t\t\t<div class=\"elementor-element elementor-element-50c9e73 elementor-widget elementor-widget-text-editor\" data-id=\"50c9e73\" data-element_type=\"widget\" data-e-type=\"widget\" data-widget_type=\"text-editor.default\">\n\t\t\t\t<div class=\"elementor-widget-container\">\n\t\t\t\t\t\t\t\t\t<p>Firmam\u0131z, 2017 y\u0131l\u0131nda kurulmu\u015ftur. Az zamanda \u00e7ok i\u015f felsefesi ile kurulan Melek Ka\u011f\u0131t \u00dcr\u00fcnleri Firmas\u0131 her zaman daha iyiyi nas\u0131l yapar\u0131m d\u00fci\u00fcncesi ile hareket etmektedir. Gaziantep 5. Organize Sanayi B\u00f6lgesinde ilk kuruldu\u011fu g\u00fcnden itibaren kalitenin ve g\u00fcvenin adresi olan \u00fcr\u00fcnler \u00fcretmeyi firma k\u00fclt\u00fcr\u00fc olarak edinmi\u015ftir. 15.000 metrekare kapal\u0131 olmak \u00fczere toplam 50.000 metrekare alana kurulu 2 ayr\u0131 fabrikam\u0131z ile bebek bezi, \u0131slak mendil, hasta bezi ve kad\u0131n pedi\u00fcretimi yapmaktay\u0131z. Sekt\u00f6r\u00fcm\u00fcz\u00fcn \u00f6nde gelen \u00fcretici firmalar\u0131ndan olup, her yeni g\u00fcne firmam\u0131z\u0131n geli\u015fimi ve \u00fcr\u00fcnlerimizin daha inovatif olmas\u0131 i\u00e7in neler yap\u0131labilir mant\u0131\u011f\u0131 ile ba\u015fl\u0131yoruz. \u00dcretim kapasitesi olarak y\u0131ll\u0131k 25 trilyon adet bebek bezi \u00fcretim kapasitemiz bulunmaktad\u0131r. Islak mendil, hasta bezi ve kad\u0131n pedi \u00fcretimi alan\u0131nda da hat\u0131r\u0131 say\u0131l\u0131r bir kapasite ile \u00fcretimimiz devam etmektedir.<\/p>\t\t\t\t\t\t\t\t<\/div>\n\t\t\t\t<\/div>\n\t\t\t\t<\/div>\n\t\t\t\t<div class=\"elementor-element elementor-element-2171dbe elementor-widget elementor-widget-image\" data-id=\"2171dbe\" data-element_type=\"widget\" data-e-type=\"widget\" data-widget_type=\"image.default\">\n\t\t\t\t<div class=\"elementor-widget-container\">\n\t\t\t\t\t\t\t\t\t\t\t\t\t\t\t<img fetchpriority=\"high\" decoding=\"async\" width=\"1000\" height=\"1000\" src=\"https:\/\/melekkagit.com\/wp-content\/uploads\/2024\/01\/about-us.png\" class=\"attachment-full size-full wp-image-1205\" alt=\"\" srcset=\"https:\/\/melekkagit.com\/wp-content\/uploads\/2024\/01\/about-us.png 1000w, https:\/\/melekkagit.com\/wp-content\/uploads\/2024\/01\/about-us-300x300.png 300w, https:\/\/melekkagit.com\/wp-content\/uploads\/2024\/01\/about-us-150x150.png 150w, https:\/\/melekkagit.com\/wp-content\/uploads\/2024\/01\/about-us-768x768.png 768w, https:\/\/melekkagit.com\/wp-content\/uploads\/2024\/01\/about-us-100x100.png 100w\" sizes=\"(max-width: 1000px) 100vw, 1000px\" \/>\t\t\t\t\t\t\t\t\t\t\t\t\t\t\t<\/div>\n\t\t\t\t<\/div>\n\t\t\t\t\t<\/div>\n\t\t\t\t<\/div>\n\t\t<div class=\"elementor-element elementor-element-e01c3b4 e-flex e-con-boxed e-con e-parent\" data-id=\"e01c3b4\" data-element_type=\"container\" data-e-type=\"container\">\n\t\t\t\t\t<div class=\"e-con-inner\">\n\t\t\t\t<div class=\"elementor-element elementor-element-ce3c5c6 elementor-widget elementor-widget-text-editor\" data-id=\"ce3c5c6\" data-element_type=\"widget\" data-e-type=\"widget\" data-widget_type=\"text-editor.default\">\n\t\t\t\t<div class=\"elementor-widget-container\">\n\t\t\t\t\t\t\t\t\t<p>Gaziantep&#8217;ten d\u00fcnyaya bebek bezi ve hijyenik di\u011fer \u00fcr\u00fcnlerin \u00fcretimini yaparak ihracat ile \u00fclkesine ve \u00e7al\u0131\u015fanlar\u0131na fayda sa\u011flayan bir firma olan Melek Ka\u011f\u0131t \u00dcr\u00fcnleri geli\u015ferek de\u011fi\u015fmek kavram\u0131n\u0131 uygulamak istemektedir. Uygun fiyata kaliteli \u00fcr\u00fcn satmak amac\u0131nda olan firmam\u0131z az s\u00fcrede \u00e7ok yol kat etmi\u015f ve \u00fcr\u00fcnlerini \u015fu an itibari ile 35&#8217;ten fazla \u00fclkeye; Asya, Avrupa, Afrika ve Amerika&#8217;n\u0131n da bulundu\u011fu 4 k\u0131taya \u00fcr\u00fcn g\u00f6ndererek ba\u015farm\u0131\u015ft\u0131r. \u00dcretiminin %95&#8217;inden fazlas\u0131n\u0131 ihra\u00e7 ederek bu alanda \u00e7o\u011fu firman\u0131n hedefledi\u011fi ihracat rakamlar\u0131na \u015fimdiden ula\u015fan Melek Ka\u011f\u0131t \u00dcr\u00fcnleri, bebek bezinde son kullan\u0131c\u0131ya kadar olan memnuniyet s\u00fcrecini daha ilk evrede ba\u015ftan g\u00fcvenle sa\u011flamak istemi\u015ftir.<\/p>\t\t\t\t\t\t\t\t<\/div>\n\t\t\t\t<\/div>\n\t\t\t\t\t<\/div>\n\t\t\t\t<\/div>\n\t\t<div class=\"elementor-element elementor-element-c7e4759 e-flex e-con-boxed e-con e-parent\" data-id=\"c7e4759\" data-element_type=\"container\" data-e-type=\"container\" data-settings=\"{&quot;background_background&quot;:&quot;classic&quot;}\">\n\t\t\t\t\t<div class=\"e-con-inner\">\n\t\t<div class=\"elementor-element elementor-element-65ad181 e-con-full e-flex e-con e-child\" data-id=\"65ad181\" data-element_type=\"container\" data-e-type=\"container\" data-settings=\"{&quot;background_background&quot;:&quot;classic&quot;}\">\n\t\t\t\t<div class=\"elementor-element elementor-element-ce5cada elementor-view-default elementor-position-block-start elementor-mobile-position-block-start elementor-widget elementor-widget-icon-box\" data-id=\"ce5cada\" data-element_type=\"widget\" data-e-type=\"widget\" data-widget_type=\"icon-box.default\">\n\t\t\t\t<div class=\"elementor-widget-container\">\n\t\t\t\t\t\t\t<div class=\"elementor-icon-box-wrapper\">\n\n\t\t\t\t\t\t<div class=\"elementor-icon-box-icon\">\n\t\t\t\t<span  class=\"elementor-icon\">\n\t\t\t\t<svg aria-hidden=\"true\" class=\"e-font-icon-svg e-far-eye\" viewBox=\"0 0 576 512\" xmlns=\"http:\/\/www.w3.org\/2000\/svg\"><path d=\"M288 144a110.94 110.94 0 0 0-31.24 5 55.4 55.4 0 0 1 7.24 27 56 56 0 0 1-56 56 55.4 55.4 0 0 1-27-7.24A111.71 111.71 0 1 0 288 144zm284.52 97.4C518.29 135.59 410.93 64 288 64S57.68 135.64 3.48 241.41a32.35 32.35 0 0 0 0 29.19C57.71 376.41 165.07 448 288 448s230.32-71.64 284.52-177.41a32.35 32.35 0 0 0 0-29.19zM288 400c-98.65 0-189.09-55-237.93-144C98.91 167 189.34 112 288 112s189.09 55 237.93 144C477.1 345 386.66 400 288 400z\"><\/path><\/svg>\t\t\t\t<\/span>\n\t\t\t<\/div>\n\t\t\t\n\t\t\t\t\t\t<div class=\"elementor-icon-box-content\">\n\n\t\t\t\t\t\t\t\t\t<h3 class=\"elementor-icon-box-title\">\n\t\t\t\t\t\t<span  >\n\t\t\t\t\t\t\tVizyonumuz\t\t\t\t\t\t<\/span>\n\t\t\t\t\t<\/h3>\n\t\t\t\t\n\t\t\t\t\t\t\t\t\t<p class=\"elementor-icon-box-description\">\n\t\t\t\t\t\t      Gelecekte hijyen sekt\u00f6r\u00fcne y\u00f6n veren, \u00fcretiminde, sa\u011fl\u0131kl\u0131 \u00fcr\u00fcnleri sa\u011flayan en \u00f6nc\u00fc, yenilik\u00e7i, ba\u011flay\u0131c\u0131-birle\u015ftirici firma olabilmek.\n\n\t\t\t\t\t<\/p>\n\t\t\t\t\n\t\t\t<\/div>\n\t\t\t\n\t\t<\/div>\n\t\t\t\t\t\t<\/div>\n\t\t\t\t<\/div>\n\t\t\t\t<\/div>\n\t\t<div class=\"elementor-element elementor-element-fe1902b e-con-full e-flex e-con e-child\" data-id=\"fe1902b\" data-element_type=\"container\" data-e-type=\"container\" data-settings=\"{&quot;background_background&quot;:&quot;classic&quot;}\">\n\t\t\t\t<div class=\"elementor-element elementor-element-94c7def elementor-view-default elementor-position-block-start elementor-mobile-position-block-start elementor-widget elementor-widget-icon-box\" data-id=\"94c7def\" data-element_type=\"widget\" data-e-type=\"widget\" data-widget_type=\"icon-box.default\">\n\t\t\t\t<div class=\"elementor-widget-container\">\n\t\t\t\t\t\t\t<div class=\"elementor-icon-box-wrapper\">\n\n\t\t\t\t\t\t<div class=\"elementor-icon-box-icon\">\n\t\t\t\t<span  class=\"elementor-icon\">\n\t\t\t\t<svg aria-hidden=\"true\" class=\"e-font-icon-svg e-fas-bullseye\" viewBox=\"0 0 496 512\" xmlns=\"http:\/\/www.w3.org\/2000\/svg\"><path d=\"M248 8C111.03 8 0 119.03 0 256s111.03 248 248 248 248-111.03 248-248S384.97 8 248 8zm0 432c-101.69 0-184-82.29-184-184 0-101.69 82.29-184 184-184 101.69 0 184 82.29 184 184 0 101.69-82.29 184-184 184zm0-312c-70.69 0-128 57.31-128 128s57.31 128 128 128 128-57.31 128-128-57.31-128-128-128zm0 192c-35.29 0-64-28.71-64-64s28.71-64 64-64 64 28.71 64 64-28.71 64-64 64z\"><\/path><\/svg>\t\t\t\t<\/span>\n\t\t\t<\/div>\n\t\t\t\n\t\t\t\t\t\t<div class=\"elementor-icon-box-content\">\n\n\t\t\t\t\t\t\t\t\t<h3 class=\"elementor-icon-box-title\">\n\t\t\t\t\t\t<span  >\n\t\t\t\t\t\t\tMisyonumuz\t\t\t\t\t\t<\/span>\n\t\t\t\t\t<\/h3>\n\t\t\t\t\n\t\t\t\t\t\t\t\t\t<p class=\"elementor-icon-box-description\">\n\t\t\t\t\t\t\u00dcretti\u011fimiz \u00dcr\u00fcn\u00fc, de\u011ferli bayilerimize, kullanan m\u00fc\u015fterilerimize ve biricik \u00e7ocuklar\u0131m\u0131za zarar vermeyecek hassasiyetle \u00fcreterek, maliyet ve kullan\u0131m\u0131 etkin yararl\u0131 \u00fcr\u00fcnler geli\u015ftirmek ve devaml\u0131 \u00fcretimi sa\u011flamakt\u0131r.\n\n\t\t\t\t\t<\/p>\n\t\t\t\t\n\t\t\t<\/div>\n\t\t\t\n\t\t<\/div>\n\t\t\t\t\t\t<\/div>\n\t\t\t\t<\/div>\n\t\t\t\t<\/div>\n\t\t\t\t\t<\/div>\n\t\t\t\t<\/div>\n\t\t\t\t<\/div>\n\t\t","protected":false},"excerpt":{"rendered":"<p>MELEK KA\u011eIT \u00dcR\u00dcNLER\u0130 VE H\u0130JYEN SANAY\u0130 VE T\u0130CARET L\u0130M\u0130TED \u015e\u0130RKET\u0130 Firmam\u0131z, 2017 y\u0131l\u0131nda kurulmu\u015ftur. Az zamanda \u00e7ok i\u015f felsefesi ile kurulan Melek Ka\u011f\u0131t \u00dcr\u00fcnleri Firmas\u0131 her zaman daha iyiyi nas\u0131l yapar\u0131m d\u00fci\u00fcncesi ile hareket etmektedir. Gaziantep 5. Organize Sanayi B\u00f6lgesinde ilk kuruldu\u011fu g\u00fcnden itibaren kalitenin ve g\u00fcvenin adresi olan \u00fcr\u00fcnler \u00fcretmeyi firma k\u00fclt\u00fcr\u00fc olarak edinmi\u015ftir. [&hellip;]<\/p>\n","protected":false},"author":1,"featured_media":0,"parent":0,"menu_order":0,"comment_status":"closed","ping_status":"closed","template":"elementor_header_footer","meta":{"footnotes":""},"class_list":["post-722","page","type-page","status-publish","hentry"],"_links":{"self":[{"href":"https:\/\/melekkagit.com\/tr\/wp-json\/wp\/v2\/pages\/722","targetHints":{"allow":["GET"]}}],"collection":[{"href":"https:\/\/melekkagit.com\/tr\/wp-json\/wp\/v2\/pages"}],"about":[{"href":"https:\/\/melekkagit.com\/tr\/wp-json\/wp\/v2\/types\/page"}],"author":[{"embeddable":true,"href":"https:\/\/melekkagit.com\/tr\/wp-json\/wp\/v2\/users\/1"}],"replies":[{"embeddable":true,"href":"https:\/\/melekkagit.com\/tr\/wp-json\/wp\/v2\/comments?post=722"}],"version-history":[{"count":8,"href":"https:\/\/melekkagit.com\/tr\/wp-json\/wp\/v2\/pages\/722\/revisions"}],"predecessor-version":[{"id":1330,"href":"https:\/\/melekkagit.com\/tr\/wp-json\/wp\/v2\/pages\/722\/revisions\/1330"}],"wp:attachment":[{"href":"https:\/\/melekkagit.com\/tr\/wp-json\/wp\/v2\/media?parent=722"}],"curies":[{"name":"wp","href":"https:\/\/api.w.org\/{rel}","templated":true}]}}