{"id":806,"date":"2023-12-17T15:53:56","date_gmt":"2023-12-17T15:53:56","guid":{"rendered":"https:\/\/melekkagit.com\/new\/product\/uncategorized\/super-economic-1\/"},"modified":"2023-12-31T14:37:58","modified_gmt":"2023-12-31T14:37:58","slug":"super-economic-1","status":"publish","type":"product","link":"https:\/\/melekkagit.com\/ar\/product\/cuddles-baby-diapers-ar\/super-economic-1\/","title":{"rendered":"\u0633\u0648\u0628\u0631 \u0627\u0642\u062a\u0635\u0627\u062f\u064a- 1"},"content":{"rendered":"<p>\u0627\u0644\u062d\u062c\u0645: \u062d\u062f\u064a\u062b\u064a \u0627\u0644\u0648\u0644\u0627\u062f\u0629 (1 \u0643\u062c\u0645) \u062d\u062a\u0649 \u062c\u0648\u0646\u064a\u0648\u0631 + (6 \u0643\u062c\u0645) \u0628\u0623\u062d\u062c\u0627\u0645 \u0639\u0628\u0648\u0627\u062a \u0645\u062e\u062a\u0644\u0641\u0629<\/p>\n<div class=\"product-detail-content-area\">\n<div id=\"tab-products\" data-easytabs=\"true\">\n<div id=\"info\" class=\"products_tabs_contents active\">\n<table border=\"1\">\n<tbody>\n<tr>\n<td><strong>\u0627\u0644\u0645\u0642\u0627\u0633<\/strong><\/td>\n<td><strong>\u0646\u0645\u0631\u0629 \u0627\u0644\u0645\u0642\u0627\u0633<\/strong><\/td>\n<td><strong>\u0627\u0644\u0639\u062f\u062f<\/strong><\/td>\n<td><strong>\u0639\u062f\u062f \u0627\u0644\u0639\u0628\u0648\u0627\u062a \u0641\u064a \u0627\u0644\u0628\u0627\u0644<\/strong><\/td>\n<\/tr>\n<tr>\n<td>NEW BORN<\/td>\n<td>1<\/td>\n<td>34<\/td>\n<td>5<\/td>\n<\/tr>\n<tr>\n<td>M\u0130N\u0130<\/td>\n<td>2<\/td>\n<td>32<\/td>\n<td>5<\/td>\n<\/tr>\n<tr>\n<td>M\u0130D\u0130<\/td>\n<td>3<\/td>\n<td>28<\/td>\n<td>5<\/td>\n<\/tr>\n<tr>\n<td>MAX\u0130<\/td>\n<td>4<\/td>\n<td>24<\/td>\n<td>5<\/td>\n<\/tr>\n<tr>\n<td>JUN\u0130OR<\/td>\n<td>5<\/td>\n<td>20<\/td>\n<td>5<\/td>\n<\/tr>\n<tr>\n<td>JUN\u0130OR +<\/td>\n<td>6<\/td>\n<td>18<\/td>\n<td>5<\/td>\n<\/tr>\n<\/tbody>\n<\/table>\n<\/div>\n<\/div>\n<\/div>\n<div class=\"ticaret-bilgilendirme-main-div\">\n<div class=\"ticaret-bilgilendirme-box\">\n<div class=\"ticaret-bilgilendirme-box-i\"><\/div>\n<\/div>\n<\/div>\n","protected":false},"excerpt":{"rendered":"<p>\u0627\u0644\u062d\u062c\u0645: \u062d\u062f\u064a\u062b\u064a \u0627\u0644\u0648\u0644\u0627\u062f\u0629 (1 \u0643\u062c\u0645) \u062d\u062a\u0649 \u062c\u0648\u0646\u064a\u0648\u0631 + (6 \u0643\u062c\u0645) \u0628\u0623\u062d\u062c\u0627\u0645 \u0639\u0628\u0648\u0627\u062a \u0645\u062e\u062a\u0644\u0641\u0629 \u0627\u0644\u0645\u0642\u0627\u0633 \u0646\u0645\u0631\u0629 \u0627\u0644\u0645\u0642\u0627\u0633 \u0627\u0644\u0639\u062f\u062f \u0639\u062f\u062f \u0627\u0644\u0639\u0628\u0648\u0627\u062a \u0641\u064a \u0627\u0644\u0628\u0627\u0644 NEW BORN 1 34 5 M\u0130N\u0130 2 32 5 M\u0130D\u0130 3 28 5 MAX\u0130 4 24 5 JUN\u0130OR 5 20 5 JUN\u0130OR + 6 18 5<\/p>\n","protected":false},"featured_media":577,"comment_status":"open","ping_status":"closed","template":"","meta":[],"product_brand":[],"product_cat":[177,175],"product_tag":[],"class_list":{"0":"post-806","1":"product","2":"type-product","3":"status-publish","4":"has-post-thumbnail","6":"product_cat-cuddles-baby-diapers-ar","7":"product_cat-baby-diapers-ar","9":"first","10":"instock","11":"shipping-taxable","12":"product-type-simple"},"_links":{"self":[{"href":"https:\/\/melekkagit.com\/ar\/wp-json\/wp\/v2\/product\/806","targetHints":{"allow":["GET"]}}],"collection":[{"href":"https:\/\/melekkagit.com\/ar\/wp-json\/wp\/v2\/product"}],"about":[{"href":"https:\/\/melekkagit.com\/ar\/wp-json\/wp\/v2\/types\/product"}],"replies":[{"embeddable":true,"href":"https:\/\/melekkagit.com\/ar\/wp-json\/wp\/v2\/comments?post=806"}],"wp:featuredmedia":[{"embeddable":true,"href":"https:\/\/melekkagit.com\/ar\/wp-json\/wp\/v2\/media\/577"}],"wp:attachment":[{"href":"https:\/\/melekkagit.com\/ar\/wp-json\/wp\/v2\/media?parent=806"}],"wp:term":[{"taxonomy":"product_brand","embeddable":true,"href":"https:\/\/melekkagit.com\/ar\/wp-json\/wp\/v2\/product_brand?post=806"},{"taxonomy":"product_cat","embeddable":true,"href":"https:\/\/melekkagit.com\/ar\/wp-json\/wp\/v2\/product_cat?post=806"},{"taxonomy":"product_tag","embeddable":true,"href":"https:\/\/melekkagit.com\/ar\/wp-json\/wp\/v2\/product_tag?post=806"}],"curies":[{"name":"wp","href":"https:\/\/api.w.org\/{rel}","templated":true}]}}